{"id":484,"date":"2024-04-23T11:07:16","date_gmt":"2024-04-23T11:07:16","guid":{"rendered":"https:\/\/sidekickanimalhealth.com\/how-to-guide\/"},"modified":"2025-02-06T19:09:40","modified_gmt":"2025-02-06T19:09:40","slug":"notice-dutilisation","status":"publish","type":"page","link":"https:\/\/sidekickanimalhealth.com\/fr\/notice-dutilisation\/","title":{"rendered":"Notice d\u2019utilisation"},"content":{"rendered":"<section class=\"l-section wpb_row us_custom_f63ce928 scaleUp howto has_text_color height_small width_full\"><div class=\"l-section-h i-cf\"><div class=\"g-cols vc_row via_flex valign_top type_default stacking_default\"><div class=\"vc_col-sm-12 wpb_column vc_column_container\"><div class=\"vc_column-inner\"><div class=\"wpb_wrapper\"><div class=\"wpb_text_column removeMargH\"><div class=\"wpb_wrapper\"><h2 style=\"text-align: center;\">Comment utiliser <strong>side<\/strong>kick<\/h2>\n<\/div><\/div><\/div><\/div><\/div><\/div><\/div><\/section><section class=\"l-section wpb_row us_custom_f63ce928 has_text_color height_auto width_full\"><div class=\"l-section-h i-cf\"><div class=\"g-cols vc_row via_flex valign_top type_default stacking_default\"><div class=\"vc_col-sm-12 wpb_column vc_column_container\"><div class=\"vc_column-inner\"><div class=\"wpb_wrapper\">\n\t\t\t<!-- START Video1 REVOLUTION SLIDER 6.7.12 --><p class=\"rs-p-wp-fix\"><\/p>\n\t\t\t<rs-module-wrap id=\"rev_slider_9_1_wrapper\" data-source=\"gallery\" style=\"visibility:hidden;background:#000000;padding:0;margin:0px auto;margin-top:0;margin-bottom:0;\">\n\t\t\t\t<rs-module id=\"rev_slider_9_1\" style=\"\" data-version=\"6.7.12\">\n\t\t\t\t\t<rs-slides style=\"overflow: hidden; position: absolute;\">\n\t\t\t\t\t\t<rs-slide style=\"position: absolute;\" data-key=\"rs-9\" data-title=\"Slide\" data-anim=\"ms:280;\" data-in=\"o:0;\" data-out=\"a:false;\">\n\t\t\t\t\t\t\t<img decoding=\"async\" src=\"\/\/sidekickanimalhealth.com\/wp-content\/plugins\/revslider\/sr6\/assets\/assets\/dummy.png\" alt=\"\" title=\"Notice d\u2019utilisation\" class=\"rev-slidebg tp-rs-img rs-lazyload\" data-lazyload=\"\/\/sidekickanimalhealth.com\/wp-content\/plugins\/revslider\/sr6\/assets\/assets\/transparent.png\" data-no-retina>\n\t\t\t\t\t\t\t<rs-bgvideo \n\t\t\t\t\t\t\t\tdata-video=\"w:100%;h:100%;nse:false;l:true;ptimer:false;vfc:true;\"\n\t\t\t\t\t\t\t\tdata-mp4=\"\/\/sidekickanimalhealth.com\/wp-content\/themes\/Zephyr-child\/thumb-min.mp4\"\n\t\t\t\t\t\t\t><\/rs-bgvideo>\n<!--\n\t\t\t\t\t\t\t--><rs-layer\n\t\t\t\t\t\t\t\tid=\"slider-9-slide-9-layer-0\" \n\t\t\t\t\t\t\t\tclass=\"vidOver\"\n\t\t\t\t\t\t\t\tdata-type=\"shape\"\n\t\t\t\t\t\t\t\tdata-rsp_ch=\"on\"\n\t\t\t\t\t\t\t\tdata-xy=\"x:c;y:m;\"\n\t\t\t\t\t\t\t\tdata-text=\"w:normal;s:20,20,20,5;l:0,0,0,6;\"\n\t\t\t\t\t\t\t\tdata-dim=\"w:100%;h:100%;\"\n\t\t\t\t\t\t\t\tdata-basealign=\"slide\"\n\t\t\t\t\t\t\t\tdata-frame_999=\"o:0;st:w;\"\n\t\t\t\t\t\t\t\tstyle=\"z-index:7;background-color:rgba(50,62,72,0.71);\"\n\t\t\t\t\t\t\t> \n\t\t\t\t\t\t\t<\/rs-layer><!--\n\n\t\t\t\t\t\t\t--><rs-layer\n\t\t\t\t\t\t\t\tid=\"slider-9-slide-9-layer-2\" \n\t\t\t\t\t\t\t\tdata-type=\"text\"\n\t\t\t\t\t\t\t\tdata-rsp_ch=\"on\"\n\t\t\t\t\t\t\t\tdata-xy=\"x:c;y:m;\"\n\t\t\t\t\t\t\t\tdata-text=\"s:20,20,20,5;l:25,25,25,6;\"\n\t\t\t\t\t\t\t\tdata-dim=\"w:7%,7%,7%,82px;\"\n\t\t\t\t\t\t\t\tdata-actions='o:click;a:stopvideo;layer:backgroundvideo;||o:click;a:playvideo;layer:slider-9-slide-9-layer-3;||o:click;a:unmutevideo;layer:slider-9-slide-9-layer-3;||o:click;a:toggleclass;layer:slider-9-slide-9-layer-3;class:vidVisible;||o:click;a:stoplayer;layer:slider-9-slide-9-layer-0;ch:true;||o:click;a:stoplayer;layer:slider-9-slide-9-layer-2;ch:true;'\n\t\t\t\t\t\t\t\tdata-basealign=\"slide\"\n\t\t\t\t\t\t\t\tdata-wrpid=\"btnFront\"\n\t\t\t\t\t\t\t\tdata-frame_999=\"o:0;st:w;\"\n\t\t\t\t\t\t\t\tstyle=\"z-index:8;font-family:'Roboto';\"\n\t\t\t\t\t\t\t><svg id=\"playBtn\" data-name=\"Layer 1\" xmlns=\"http:\/\/www.w3.org\/2000\/svg\" viewBox=\"-1 -1 83.34 83.34\">\n  <defs>\n    <style>\n      .clsss-1 {\n        fill: #8cc540;\n      }\n\n    <\/style>\n  <\/defs>\n  <circle cx=\"40.67\" cy=\"40.67\" r=\"40.06\"\/>\n  <path class=\"clsss-1 play-btnIn\" d=\"M29.36,69.42c-1.05,0-2.11-.26-3.07-.78-2.08-1.13-3.37-3.3-3.37-5.66V18.48c0-2.34,1.27-4.5,3.33-5.64,.97-.54,2.04-.8,3.12-.8,1.19,0,2.38,.33,3.43,.99l34.73,21.82c1.86,1.17,3,3.2,3.02,5.4s-1.08,4.25-2.92,5.45l-34.75,22.67c-1.07,.7-2.29,1.05-3.52,1.05Z\"\/>\n\n    <path class=\"clsss-1 play-circle\" d=\"M40.67,81.34C18.25,81.34,0,63.1,0,40.67S18.25,0,40.67,0s40.67,18.25,40.67,40.67-18.25,40.67-40.67,40.67Zm0-80.73C18.55,.61,.61,18.55,.61,40.67s17.94,40.06,40.06,40.06,40.06-17.94,40.06-40.06S62.8,.61,40.67,.61Z\"\/>\n\n<\/svg> \n\t\t\t\t\t\t\t<\/rs-layer><!--\n\n\t\t\t\t\t\t\t--><rs-layer\n\t\t\t\t\t\t\t\tid=\"slider-9-slide-9-layer-3\" \n\t\t\t\t\t\t\t\tclass=\"vidPlayLayer rs-nolc rs-layer-video intrinsic-ignore\"\n\t\t\t\t\t\t\t\tdata-type=\"video\"\n\t\t\t\t\t\t\t\tdata-rsp_ch=\"on\"\n\t\t\t\t\t\t\t\tdata-xy=\"x:c;y:b,b,b,m;\"\n\t\t\t\t\t\t\t\tdata-text=\"w:normal;s:20,20,20,5;l:0,0,0,6;\"\n\t\t\t\t\t\t\t\tdata-dim=\"w:100%;\"\n\t\t\t\t\t\t\t\tdata-basealign=\"slide\"\n\t\t\t\t\t\t\t\tdata-video=\"vfc:true;twa:false;ap:false;v:100;vd:100;l:false;ptimer:false;nse:f;vc:t;p:metadata;inl:f;\"\n\t\t\t\t\t\t\t\tdata-mp4=\"\/\/sidekickanimalhealth.com\/wp-content\/themes\/Zephyr-child\/vid3.mp4\"\n\t\t\t\t\t\t\t\tdata-frame_999=\"o:0;st:w;\"\n\t\t\t\t\t\t\t\tstyle=\"z-index:6;\"\n\t\t\t\t\t\t\t>\n\t\t\t\t\t\t\t<\/rs-layer><!--\n-->\t\t\t\t\t<\/rs-slide>\n\t\t\t\t\t<\/rs-slides>\n\t\t\t\t<\/rs-module>\n\t\t\t\t<script>\n\t\t\t\t\tsetREVStartSize({c: 'rev_slider_9_1',rl:[1381,1381,1381,600],el:[1000,1000,1000,290],gw:[1920,1920,1920,600],gh:[1000,1000,1000,290],type:'hero',justify:'',layout:'fullwidth',mh:\"0\"});if (window.RS_MODULES!==undefined && window.RS_MODULES.modules!==undefined && window.RS_MODULES.modules[\"revslider91\"]!==undefined) {window.RS_MODULES.modules[\"revslider91\"].once = false;window.revapi9 = undefined;if (window.RS_MODULES.checkMinimal!==undefined) window.RS_MODULES.checkMinimal()}\n\t\t\t\t<\/script>\n\t\t\t<\/rs-module-wrap>\n\t\t\t<!-- END REVOLUTION SLIDER -->\n<\/div><\/div><\/div><\/div><\/div><\/section><section class=\"l-section wpb_row us_custom_f63ce928 scaleUp howto mobFx has_text_color height_small width_full\"><div class=\"l-section-h i-cf\"><div class=\"g-cols vc_row via_flex valign_top type_default stacking_default\"><div class=\"vc_col-sm-12 wpb_column vc_column_container\"><div class=\"vc_column-inner\"><div class=\"wpb_wrapper\"><div class=\"wpb_text_column removeMargH\"><div class=\"wpb_wrapper\"><h2 style=\"text-align: center;\">Pr\u00e9lever le sang \u00e0 l\u2019aide d\u2019une seringue et d\u2019une aiguille ordinaires<\/h2>\n<\/div><\/div><\/div><\/div><\/div><\/div><\/div><\/section><section class=\"l-section wpb_row nhowtoRow igx1 height_auto width_full\"><div class=\"l-section-h i-cf\"><div class=\"g-cols vc_row via_flex valign_top type_boxes stacking_default\"><div class=\"vc_col-sm-6 wpb_column vc_column_container\"><div class=\"vc_column-inner us_custom_47474b22 us_animate_this\"><div class=\"wpb_wrapper\"><div class=\"w-image ima1 has_ratio align_none\"><div class=\"w-image-h\"><div style=\"padding-bottom:75%\"><\/div><img decoding=\"async\" width=\"1500\" height=\"960\" src=\"https:\/\/sidekickanimalhealth.com\/wp-content\/uploads\/2024\/06\/im1.webp\" class=\"attachment-full size-full\" alt=\"\" loading=\"lazy\" srcset=\"https:\/\/sidekickanimalhealth.com\/wp-content\/uploads\/2024\/06\/im1.webp 1500w, https:\/\/sidekickanimalhealth.com\/wp-content\/uploads\/2024\/06\/im1-300x192.webp 300w, https:\/\/sidekickanimalhealth.com\/wp-content\/uploads\/2024\/06\/im1-1024x655.webp 1024w\" sizes=\"auto, (max-width: 1500px) 100vw, 1500px\" \/><\/div><\/div><div class=\"w-vwrapper bxx1 align_none valign_top\" style=\"--vwrapper-gap:0rem\"><div class=\"wpb_text_column\"><div class=\"wpb_wrapper\"><p>Retirer l\u2019aiguille, toucher d\u00e9licatement le BloodCaptor\u2122 avec le sang sur la pointe de la seringue.<\/p>\n<p>La quantit\u00e9 de sang n\u00e9cessaire s\u2019infiltre instantan\u00e9ment dans la fen\u00eatre de pr\u00e9l\u00e8vement.<\/p>\n<\/div><\/div><\/div><\/div><\/div><\/div><div class=\"vc_col-sm-6 wpb_column vc_column_container\"><div class=\"vc_column-inner us_custom_4fcab78b us_animate_this\"><div class=\"wpb_wrapper\"><div class=\"w-image ima2 has_ratio align_none\"><div class=\"w-image-h\"><div style=\"padding-bottom:75%\"><\/div><img decoding=\"async\" width=\"1500\" height=\"925\" src=\"https:\/\/sidekickanimalhealth.com\/wp-content\/uploads\/2024\/06\/im2.webp\" class=\"attachment-full size-full\" alt=\"\" loading=\"lazy\" srcset=\"https:\/\/sidekickanimalhealth.com\/wp-content\/uploads\/2024\/06\/im2.webp 1500w, https:\/\/sidekickanimalhealth.com\/wp-content\/uploads\/2024\/06\/im2-300x185.webp 300w, https:\/\/sidekickanimalhealth.com\/wp-content\/uploads\/2024\/06\/im2-1024x631.webp 1024w\" sizes=\"auto, (max-width: 1500px) 100vw, 1500px\" \/><\/div><\/div><div class=\"w-vwrapper bxx2 align_none valign_middle\" style=\"--vwrapper-gap:0rem\"><div class=\"wpb_text_column\"><div class=\"wpb_wrapper\"><p>Enlever le bouchon de la solution tampon, plonger le BloodCaptor\u2122 dans le flacon et secouer doucement.<\/p>\n<\/div><\/div><\/div><\/div><\/div><\/div><\/div><\/div><\/section><section class=\"l-section wpb_row nhowtoRow igx2 height_auto width_full\"><div class=\"l-section-h i-cf\"><div class=\"g-cols vc_row via_flex valign_top type_boxes stacking_default\"><div class=\"vc_col-sm-6 wpb_column vc_column_container\"><div class=\"vc_column-inner us_custom_47474b22 us_animate_this\"><div class=\"wpb_wrapper\"><div class=\"w-image bxx3 ima3 has_ratio align_none\"><div class=\"w-image-h\"><div style=\"padding-bottom:75%\"><\/div><img decoding=\"async\" width=\"1500\" height=\"938\" src=\"https:\/\/sidekickanimalhealth.com\/wp-content\/uploads\/2024\/06\/im3.webp\" class=\"attachment-full size-full\" alt=\"\" loading=\"lazy\" srcset=\"https:\/\/sidekickanimalhealth.com\/wp-content\/uploads\/2024\/06\/im3.webp 1500w, https:\/\/sidekickanimalhealth.com\/wp-content\/uploads\/2024\/06\/im3-300x188.webp 300w, https:\/\/sidekickanimalhealth.com\/wp-content\/uploads\/2024\/06\/im3-1024x640.webp 1024w\" sizes=\"auto, (max-width: 1500px) 100vw, 1500px\" \/><\/div><\/div><div class=\"w-vwrapper bxx3 align_none valign_middle\" style=\"--vwrapper-gap:0rem\"><div class=\"wpb_text_column\"><div class=\"wpb_wrapper\"><p>Ins\u00e9rer la cartouche dans le lecteur, et faire couler 4\u00a0gouttes dans le puits d\u2019\u00e9chantillon de la cartouche.<\/p>\n<\/div><\/div><\/div><\/div><\/div><\/div><div class=\"vc_col-sm-6 wpb_column vc_column_container\"><div class=\"vc_column-inner us_custom_4fcab78b us_animate_this\"><div class=\"wpb_wrapper\"><div class=\"w-image ima4 has_ratio align_none\"><div class=\"w-image-h\"><div style=\"padding-bottom:75%\"><\/div><img decoding=\"async\" width=\"1407\" height=\"940\" src=\"https:\/\/sidekickanimalhealth.com\/wp-content\/uploads\/2024\/06\/im4.webp\" class=\"attachment-full size-full\" alt=\"\" loading=\"lazy\" srcset=\"https:\/\/sidekickanimalhealth.com\/wp-content\/uploads\/2024\/06\/im4.webp 1407w, https:\/\/sidekickanimalhealth.com\/wp-content\/uploads\/2024\/06\/im4-300x200.webp 300w, https:\/\/sidekickanimalhealth.com\/wp-content\/uploads\/2024\/06\/im4-1024x684.webp 1024w\" sizes=\"auto, (max-width: 1407px) 100vw, 1407px\" \/><\/div><\/div><div class=\"w-vwrapper bxx4 align_none valign_middle\" style=\"--vwrapper-gap:0rem\"><div class=\"wpb_text_column\"><div class=\"wpb_wrapper\"><p>Le lecteur portable affiche automatiquement le r\u00e9sultat au bout de 5\u00a0minutes.<\/p>\n<\/div><\/div><\/div><\/div><\/div><\/div><\/div><\/div><\/section>\n","protected":false},"excerpt":{"rendered":"Comment utiliser sidekick Pr\u00e9lever le sang \u00e0 l\u2019aide d\u2019une seringue et d\u2019une aiguille ordinaires Retirer l\u2019aiguille, toucher d\u00e9licatement le BloodCaptor\u2122 avec le sang sur la pointe de la seringue. La quantit\u00e9 de sang n\u00e9cessaire s\u2019infiltre instantan\u00e9ment dans la fen\u00eatre de pr\u00e9l\u00e8vement. Enlever le bouchon de la solution tampon, plonger le BloodCaptor\u2122 dans le flacon et...","protected":false},"author":1,"featured_media":0,"parent":0,"menu_order":0,"comment_status":"closed","ping_status":"closed","template":"","meta":{"_acf_changed":false,"footnotes":""},"class_list":["post-484","page","type-page","status-publish","hentry"],"acf":[],"yoast_head":"<!-- This site is optimized with the Yoast SEO plugin v22.9 - https:\/\/yoast.com\/wordpress\/plugins\/seo\/ -->\n<title>Notice d\u2019utilisation | sidekick<\/title>\n<meta name=\"robots\" content=\"index, follow, max-snippet:-1, max-image-preview:large, max-video-preview:-1\" \/>\n<link rel=\"canonical\" href=\"https:\/\/sidekickanimalhealth.com\/fr\/notice-dutilisation\/\" \/>\n<meta property=\"og:locale\" content=\"fr_FR\" \/>\n<meta property=\"og:type\" content=\"article\" \/>\n<meta property=\"og:title\" content=\"Notice d\u2019utilisation | sidekick\" \/>\n<meta property=\"og:url\" content=\"https:\/\/sidekickanimalhealth.com\/fr\/notice-dutilisation\/\" \/>\n<meta property=\"og:site_name\" content=\"sidekick\" \/>\n<meta property=\"article:modified_time\" content=\"2025-02-06T19:09:40+00:00\" \/>\n<meta property=\"og:image\" content=\"https:\/\/sidekickanimalhealth.com\/wp-content\/uploads\/2024\/07\/sidekick.png\" \/>\n\t<meta property=\"og:image:width\" content=\"600\" \/>\n\t<meta property=\"og:image:height\" content=\"298\" \/>\n\t<meta property=\"og:image:type\" content=\"image\/png\" \/>\n<meta name=\"twitter:card\" content=\"summary_large_image\" \/>\n<meta name=\"twitter:label1\" content=\"Dur\u00e9e de lecture estim\u00e9e\" \/>\n\t<meta name=\"twitter:data1\" content=\"2 minutes\" \/>\n<script type=\"application\/ld+json\" class=\"yoast-schema-graph\">{\"@context\":\"https:\/\/schema.org\",\"@graph\":[{\"@type\":\"WebPage\",\"@id\":\"https:\/\/sidekickanimalhealth.com\/fr\/notice-dutilisation\/\",\"url\":\"https:\/\/sidekickanimalhealth.com\/fr\/notice-dutilisation\/\",\"name\":\"Notice d\u2019utilisation | sidekick\",\"isPartOf\":{\"@id\":\"https:\/\/sidekickanimalhealth.com\/fr\/#website\"},\"datePublished\":\"2024-04-23T11:07:16+00:00\",\"dateModified\":\"2025-02-06T19:09:40+00:00\",\"breadcrumb\":{\"@id\":\"https:\/\/sidekickanimalhealth.com\/fr\/notice-dutilisation\/#breadcrumb\"},\"inLanguage\":\"fr-FR\",\"potentialAction\":[{\"@type\":\"ReadAction\",\"target\":[\"https:\/\/sidekickanimalhealth.com\/fr\/notice-dutilisation\/\"]}]},{\"@type\":\"BreadcrumbList\",\"@id\":\"https:\/\/sidekickanimalhealth.com\/fr\/notice-dutilisation\/#breadcrumb\",\"itemListElement\":[{\"@type\":\"ListItem\",\"position\":1,\"name\":\"Home\",\"item\":\"https:\/\/sidekickanimalhealth.com\/fr\/\"},{\"@type\":\"ListItem\",\"position\":2,\"name\":\"Notice d\u2019utilisation\"}]},{\"@type\":\"WebSite\",\"@id\":\"https:\/\/sidekickanimalhealth.com\/fr\/#website\",\"url\":\"https:\/\/sidekickanimalhealth.com\/fr\/\",\"name\":\"sidekick\",\"description\":\"Animal Health\",\"publisher\":{\"@id\":\"https:\/\/sidekickanimalhealth.com\/fr\/#organization\"},\"alternateName\":\"Animal Health\",\"potentialAction\":[{\"@type\":\"SearchAction\",\"target\":{\"@type\":\"EntryPoint\",\"urlTemplate\":\"https:\/\/sidekickanimalhealth.com\/fr\/?s={search_term_string}\"},\"query-input\":\"required name=search_term_string\"}],\"inLanguage\":\"fr-FR\"},{\"@type\":\"Organization\",\"@id\":\"https:\/\/sidekickanimalhealth.com\/fr\/#organization\",\"name\":\"sidekick Animal Health\",\"url\":\"https:\/\/sidekickanimalhealth.com\/fr\/\",\"logo\":{\"@type\":\"ImageObject\",\"inLanguage\":\"fr-FR\",\"@id\":\"https:\/\/sidekickanimalhealth.com\/fr\/#\/schema\/logo\/image\/\",\"url\":\"https:\/\/sidekickanimalhealth.com\/wp-content\/uploads\/2024\/07\/sidekick.png\",\"contentUrl\":\"https:\/\/sidekickanimalhealth.com\/wp-content\/uploads\/2024\/07\/sidekick.png\",\"width\":600,\"height\":298,\"caption\":\"sidekick Animal Health\"},\"image\":{\"@id\":\"https:\/\/sidekickanimalhealth.com\/fr\/#\/schema\/logo\/image\/\"}}]}<\/script>\n<!-- \/ Yoast SEO plugin. -->","yoast_head_json":{"title":"Notice d\u2019utilisation | sidekick","robots":{"index":"index","follow":"follow","max-snippet":"max-snippet:-1","max-image-preview":"max-image-preview:large","max-video-preview":"max-video-preview:-1"},"canonical":"https:\/\/sidekickanimalhealth.com\/fr\/notice-dutilisation\/","og_locale":"fr_FR","og_type":"article","og_title":"Notice d\u2019utilisation | sidekick","og_url":"https:\/\/sidekickanimalhealth.com\/fr\/notice-dutilisation\/","og_site_name":"sidekick","article_modified_time":"2025-02-06T19:09:40+00:00","og_image":[{"width":600,"height":298,"url":"https:\/\/sidekickanimalhealth.com\/wp-content\/uploads\/2024\/07\/sidekick.png","type":"image\/png"}],"twitter_card":"summary_large_image","twitter_misc":{"Dur\u00e9e de lecture estim\u00e9e":"2 minutes"},"schema":{"@context":"https:\/\/schema.org","@graph":[{"@type":"WebPage","@id":"https:\/\/sidekickanimalhealth.com\/fr\/notice-dutilisation\/","url":"https:\/\/sidekickanimalhealth.com\/fr\/notice-dutilisation\/","name":"Notice d\u2019utilisation | sidekick","isPartOf":{"@id":"https:\/\/sidekickanimalhealth.com\/fr\/#website"},"datePublished":"2024-04-23T11:07:16+00:00","dateModified":"2025-02-06T19:09:40+00:00","breadcrumb":{"@id":"https:\/\/sidekickanimalhealth.com\/fr\/notice-dutilisation\/#breadcrumb"},"inLanguage":"fr-FR","potentialAction":[{"@type":"ReadAction","target":["https:\/\/sidekickanimalhealth.com\/fr\/notice-dutilisation\/"]}]},{"@type":"BreadcrumbList","@id":"https:\/\/sidekickanimalhealth.com\/fr\/notice-dutilisation\/#breadcrumb","itemListElement":[{"@type":"ListItem","position":1,"name":"Home","item":"https:\/\/sidekickanimalhealth.com\/fr\/"},{"@type":"ListItem","position":2,"name":"Notice d\u2019utilisation"}]},{"@type":"WebSite","@id":"https:\/\/sidekickanimalhealth.com\/fr\/#website","url":"https:\/\/sidekickanimalhealth.com\/fr\/","name":"sidekick","description":"Animal Health","publisher":{"@id":"https:\/\/sidekickanimalhealth.com\/fr\/#organization"},"alternateName":"Animal Health","potentialAction":[{"@type":"SearchAction","target":{"@type":"EntryPoint","urlTemplate":"https:\/\/sidekickanimalhealth.com\/fr\/?s={search_term_string}"},"query-input":"required name=search_term_string"}],"inLanguage":"fr-FR"},{"@type":"Organization","@id":"https:\/\/sidekickanimalhealth.com\/fr\/#organization","name":"sidekick Animal Health","url":"https:\/\/sidekickanimalhealth.com\/fr\/","logo":{"@type":"ImageObject","inLanguage":"fr-FR","@id":"https:\/\/sidekickanimalhealth.com\/fr\/#\/schema\/logo\/image\/","url":"https:\/\/sidekickanimalhealth.com\/wp-content\/uploads\/2024\/07\/sidekick.png","contentUrl":"https:\/\/sidekickanimalhealth.com\/wp-content\/uploads\/2024\/07\/sidekick.png","width":600,"height":298,"caption":"sidekick Animal Health"},"image":{"@id":"https:\/\/sidekickanimalhealth.com\/fr\/#\/schema\/logo\/image\/"}}]}},"_links":{"self":[{"href":"https:\/\/sidekickanimalhealth.com\/fr\/wp-json\/wp\/v2\/pages\/484","targetHints":{"allow":["GET"]}}],"collection":[{"href":"https:\/\/sidekickanimalhealth.com\/fr\/wp-json\/wp\/v2\/pages"}],"about":[{"href":"https:\/\/sidekickanimalhealth.com\/fr\/wp-json\/wp\/v2\/types\/page"}],"author":[{"embeddable":true,"href":"https:\/\/sidekickanimalhealth.com\/fr\/wp-json\/wp\/v2\/users\/1"}],"replies":[{"embeddable":true,"href":"https:\/\/sidekickanimalhealth.com\/fr\/wp-json\/wp\/v2\/comments?post=484"}],"version-history":[{"count":3,"href":"https:\/\/sidekickanimalhealth.com\/fr\/wp-json\/wp\/v2\/pages\/484\/revisions"}],"predecessor-version":[{"id":526,"href":"https:\/\/sidekickanimalhealth.com\/fr\/wp-json\/wp\/v2\/pages\/484\/revisions\/526"}],"wp:attachment":[{"href":"https:\/\/sidekickanimalhealth.com\/fr\/wp-json\/wp\/v2\/media?parent=484"}],"curies":[{"name":"wp","href":"https:\/\/api.w.org\/{rel}","templated":true}]}}